{"id":39,"date":"2025-08-08T08:35:46","date_gmt":"2025-08-08T06:35:46","guid":{"rendered":"https:\/\/www.superico82.com\/?page_id=39"},"modified":"2026-02-17T04:11:57","modified_gmt":"2026-02-17T03:11:57","slug":"retrouve-superico82-en-live-stream","status":"publish","type":"page","link":"https:\/\/www.superico82.com\/index.php\/retrouve-superico82-en-live-stream\/","title":{"rendered":"Retrouve Superico82 en LIVE STREAM plusieurs fois par semaine !"},"content":{"rendered":"<h1>En live sur <a href=\"https:\/\/www.tiktok.com\/@superico82off\" target=\"_blank\" rel=\"noopener\">Tiktok<\/a>\u00a0 et <a href=\"https:\/\/www.youtube.com\/@Superico82\" target=\"_blank\" rel=\"noopener\">Youtube<\/a><\/h1>\n<h2>Live plusieurs fois par semaine<\/h2>\n<p>Je stream en simultan\u00e9 sur <a href=\"https:\/\/www.tiktok.com\/@superico82off\" target=\"_blank\" rel=\"noopener\">TikTok<\/a> et <a href=\"https:\/\/www.youtube.com\/@Superico82\">Youtube<\/a>.<br \/>\nJe ferai aussi bient\u00f4t des live sur Twitch, la chaine est d\u00e9j\u00e0 cr\u00e9\u00e9e, n&rsquo;h\u00e9site pas \u00e0 aller y faire un tour : <a href=\"https:\/\/www.twitch.tv\/superico82\" target=\"_blank\" rel=\"noopener\">https:\/\/www.twitch.tv\/superico82<\/a><\/p>\n<h3>Distribution de SKINS ou PACKS <a href=\"https:\/\/store.epicgames.com\/\/p\/fortnite?lang=fr&amp;epic_creator_id=0ab7bd77335e49b691c1b5249fbdd266&amp;epic_game_id=fortnite\" target=\"_blank\" rel=\"noopener\">Fortnite<\/a> et Pieces <a href=\"https:\/\/www.tiktok.com\/@superico82off\" target=\"_blank\" rel=\"noopener\">TikTok<\/a> : Le stream de la r\u00e9galade<\/h3>\n<p>Je fais gagner des SKINS et\/ou PACKs\u00a0 <span style=\"color: #ff0000;\"><strong>sous forme de cadeau boutique <\/strong><\/span>chaque semaine. Le principe est simple:<\/p>\n<p>1- Tirage au sort parmi les commentaires des vid\u00e9os Youtube. Pour tenter sa chance, il te suffit de :<\/p>\n<ul>\n<li><strong>Like<\/strong> la vid\u00e9o (celle pour gagner un skin ou celle pour gagner un pack)<\/li>\n<li><strong>Commenter\u00a0<\/strong><\/li>\n<li><strong>Partager<\/strong> la vid\u00e9o<\/li>\n<li>Et bien sur, <strong>abonn\u00e9(e)<\/strong><\/li>\n<\/ul>\n<p>2- Ajout du gagnant en ami sur Fortnite (il faut que le gagnant me donne son pseudo Fortnite et m&rsquo;ajoute en ami)<\/p>\n<p>3- J&rsquo;envoie le cadeau (Faut qu&rsquo;on soit ami depuis 48h, limite impos\u00e9e par Fortnite)<\/p>\n<p>Attention\/Disclamer: Je ne peux t&rsquo;offrir que ce qu&rsquo;il est possible de faire comme cadeau dans la boutique <strong>en utilisant mes VBucks<\/strong> .<\/p>\n<h2>Fortnite est le jeu privil\u00e9gi\u00e9 en live stream, pour le moment<\/h2>\n<h3>Game avec les abonn\u00e9s<\/h3>\n<p>Si tu veux jouer avec moi, tu as juste \u00e0 passer sur le live et faire une demande pour ajouter en ami <strong>Superico82<\/strong> sur Fortnite.<br \/>\nEnsuite tu as juste \u00e0 demander \u00e0 rejoindre la game quand tu me vois en live.<br \/>\n<span style=\"color: #ff0000;\">Attention : C&rsquo;est plus simple si tu m&rsquo;ajoutes (<strong>Superico82<\/strong>) et c&rsquo;est mieux si tu me pr\u00e9cises ton pseudo Fortnite\u00a0 (on joue avec les viewers\/abonn\u00e9s).<\/span><br \/>\nJ&rsquo;essaie de changer\/faire tourner les \u00e9quipes apr\u00e8s chaque game, histoire que tout le monde puisse jouer.<\/p>\n<h3>Fortnite Battle Royale, Blitz, PP Recharge, AMAZ BATTLE ROYALE, etc.<\/h3>\n<p>On joue \u00e0 pas mal de modes du jeu Fortnite.<\/p>\n<h4>Battle Royale<\/h4>\n<p>J&rsquo;aime bien commencer le stream avec ce mode de jeu, histoire de se chauffer. On joue en section, non class\u00e9.<\/p>\n<h4>PP Recharge en duo, trio ou section<\/h4>\n<p>Ca d\u00e9pend du nombre de personne pr\u00e9sentes sur le stream pour savoir si on joue en duo trio, ou section.<br \/>\nPour rejoindre une partie personnalis\u00e9e, il te suffit de :<\/p>\n<p>1 &#8211; S\u00e9lectionner le <strong>mode de jeu<\/strong> (annonc\u00e9 en live)<\/p>\n<p>2- Cliquer sur \u00ab\u00a0<strong>Cl\u00e9 personnalis\u00e9e<\/strong>\u00a0\u00bb (il faut scroller un peu pour voir l&rsquo;option\/le bouton)<\/p>\n<p>3- Rentrer le code de la PP (annonc\u00e9 en live)<\/p>\n<p>4- Mettre <strong>Pr\u00eat <\/strong>et attendre que je lance la game<\/p>\n<p>&nbsp;<\/p>\n<p>&nbsp;<\/p>\n","protected":false},"excerpt":{"rendered":"<p>En live sur Tiktok\u00a0 et Youtube Live plusieurs fois par semaine Je stream en simultan\u00e9 sur TikTok et Youtube. Je ferai aussi bient\u00f4t des live sur Twitch, la chaine est d\u00e9j\u00e0 cr\u00e9\u00e9e, n&rsquo;h\u00e9site pas \u00e0 aller y faire un tour : https:\/\/www.twitch.tv\/superico82 Distribution de SKINS ou PACKS Fortnite et Pieces TikTok : Le stream de [&hellip;]<\/p>\n","protected":false},"author":1,"featured_media":0,"parent":0,"menu_order":0,"comment_status":"closed","ping_status":"closed","template":"","meta":{"footnotes":""},"class_list":["post-39","page","type-page","status-publish","hentry"],"yoast_head":"<!-- This site is optimized with the Yoast SEO plugin v27.0 - https:\/\/yoast.com\/product\/yoast-seo-wordpress\/ -->\n<title>Retrouve Superico82 en LIVE STREAM plusieurs fois par semaine ! - Superico82<\/title>\n<meta name=\"robots\" content=\"index, follow, max-snippet:-1, max-image-preview:large, max-video-preview:-1\" \/>\n<link rel=\"canonical\" href=\"https:\/\/www.superico82.com\/index.php\/retrouve-superico82-en-live-stream\/\" \/>\n<meta property=\"og:locale\" content=\"fr_FR\" \/>\n<meta property=\"og:type\" content=\"article\" \/>\n<meta property=\"og:title\" content=\"Retrouve Superico82 en LIVE STREAM plusieurs fois par semaine ! - Superico82\" \/>\n<meta property=\"og:description\" content=\"En live sur Tiktok\u00a0 et Youtube Live plusieurs fois par semaine Je stream en simultan\u00e9 sur TikTok et Youtube. Je ferai aussi bient\u00f4t des live sur Twitch, la chaine est d\u00e9j\u00e0 cr\u00e9\u00e9e, n&rsquo;h\u00e9site pas \u00e0 aller y faire un tour : https:\/\/www.twitch.tv\/superico82 Distribution de SKINS ou PACKS Fortnite et Pieces TikTok : Le stream de [&hellip;]\" \/>\n<meta property=\"og:url\" content=\"https:\/\/www.superico82.com\/index.php\/retrouve-superico82-en-live-stream\/\" \/>\n<meta property=\"og:site_name\" content=\"Superico82\" \/>\n<meta property=\"article:modified_time\" content=\"2026-02-17T03:11:57+00:00\" \/>\n<meta name=\"twitter:card\" content=\"summary_large_image\" \/>\n<meta name=\"twitter:site\" content=\"@Superico82\" \/>\n<meta name=\"twitter:label1\" content=\"Dur\u00e9e de lecture estim\u00e9e\" \/>\n\t<meta name=\"twitter:data1\" content=\"2 minutes\" \/>\n<script type=\"application\/ld+json\" class=\"yoast-schema-graph\">{\"@context\":\"https:\/\/schema.org\",\"@graph\":[{\"@type\":\"WebPage\",\"@id\":\"https:\/\/www.superico82.com\/index.php\/retrouve-superico82-en-live-stream\/\",\"url\":\"https:\/\/www.superico82.com\/index.php\/retrouve-superico82-en-live-stream\/\",\"name\":\"Retrouve Superico82 en LIVE STREAM plusieurs fois par semaine ! - Superico82\",\"isPartOf\":{\"@id\":\"https:\/\/www.superico82.com\/#website\"},\"datePublished\":\"2025-08-08T06:35:46+00:00\",\"dateModified\":\"2026-02-17T03:11:57+00:00\",\"breadcrumb\":{\"@id\":\"https:\/\/www.superico82.com\/index.php\/retrouve-superico82-en-live-stream\/#breadcrumb\"},\"inLanguage\":\"fr-FR\",\"potentialAction\":[{\"@type\":\"ReadAction\",\"target\":[\"https:\/\/www.superico82.com\/index.php\/retrouve-superico82-en-live-stream\/\"]}]},{\"@type\":\"BreadcrumbList\",\"@id\":\"https:\/\/www.superico82.com\/index.php\/retrouve-superico82-en-live-stream\/#breadcrumb\",\"itemListElement\":[{\"@type\":\"ListItem\",\"position\":1,\"name\":\"Accueil\",\"item\":\"https:\/\/www.superico82.com\/\"},{\"@type\":\"ListItem\",\"position\":2,\"name\":\"Retrouve Superico82 en LIVE STREAM plusieurs fois par semaine !\"}]},{\"@type\":\"WebSite\",\"@id\":\"https:\/\/www.superico82.com\/#website\",\"url\":\"https:\/\/www.superico82.com\/\",\"name\":\"Superico82\",\"description\":\"Le site officiel de Superico82, Gamer, Youtuber et streamer. D\u00e9couvre mes derniers contenus !\",\"publisher\":{\"@id\":\"https:\/\/www.superico82.com\/#organization\"},\"potentialAction\":[{\"@type\":\"SearchAction\",\"target\":{\"@type\":\"EntryPoint\",\"urlTemplate\":\"https:\/\/www.superico82.com\/?s={search_term_string}\"},\"query-input\":{\"@type\":\"PropertyValueSpecification\",\"valueRequired\":true,\"valueName\":\"search_term_string\"}}],\"inLanguage\":\"fr-FR\"},{\"@type\":\"Organization\",\"@id\":\"https:\/\/www.superico82.com\/#organization\",\"name\":\"Superico82\",\"url\":\"https:\/\/www.superico82.com\/\",\"logo\":{\"@type\":\"ImageObject\",\"inLanguage\":\"fr-FR\",\"@id\":\"https:\/\/www.superico82.com\/#\/schema\/logo\/image\/\",\"url\":\"https:\/\/www.superico82.com\/wp-content\/uploads\/2025\/05\/cropped-cropped-IconeSuperico82.jpeg\",\"contentUrl\":\"https:\/\/www.superico82.com\/wp-content\/uploads\/2025\/05\/cropped-cropped-IconeSuperico82.jpeg\",\"width\":200,\"height\":200,\"caption\":\"Superico82\"},\"image\":{\"@id\":\"https:\/\/www.superico82.com\/#\/schema\/logo\/image\/\"},\"sameAs\":[\"https:\/\/x.com\/Superico82\",\"https:\/\/www.tiktok.com\/@superico82off\",\"https:\/\/www.instagram.com\/superico82\",\"https:\/\/www.youtube.com\/@Superico82\"]}]}<\/script>\n<!-- \/ Yoast SEO plugin. -->","yoast_head_json":{"title":"Retrouve Superico82 en LIVE STREAM plusieurs fois par semaine ! - Superico82","robots":{"index":"index","follow":"follow","max-snippet":"max-snippet:-1","max-image-preview":"max-image-preview:large","max-video-preview":"max-video-preview:-1"},"canonical":"https:\/\/www.superico82.com\/index.php\/retrouve-superico82-en-live-stream\/","og_locale":"fr_FR","og_type":"article","og_title":"Retrouve Superico82 en LIVE STREAM plusieurs fois par semaine ! - Superico82","og_description":"En live sur Tiktok\u00a0 et Youtube Live plusieurs fois par semaine Je stream en simultan\u00e9 sur TikTok et Youtube. Je ferai aussi bient\u00f4t des live sur Twitch, la chaine est d\u00e9j\u00e0 cr\u00e9\u00e9e, n&rsquo;h\u00e9site pas \u00e0 aller y faire un tour : https:\/\/www.twitch.tv\/superico82 Distribution de SKINS ou PACKS Fortnite et Pieces TikTok : Le stream de [&hellip;]","og_url":"https:\/\/www.superico82.com\/index.php\/retrouve-superico82-en-live-stream\/","og_site_name":"Superico82","article_modified_time":"2026-02-17T03:11:57+00:00","twitter_card":"summary_large_image","twitter_site":"@Superico82","twitter_misc":{"Dur\u00e9e de lecture estim\u00e9e":"2 minutes"},"schema":{"@context":"https:\/\/schema.org","@graph":[{"@type":"WebPage","@id":"https:\/\/www.superico82.com\/index.php\/retrouve-superico82-en-live-stream\/","url":"https:\/\/www.superico82.com\/index.php\/retrouve-superico82-en-live-stream\/","name":"Retrouve Superico82 en LIVE STREAM plusieurs fois par semaine ! - Superico82","isPartOf":{"@id":"https:\/\/www.superico82.com\/#website"},"datePublished":"2025-08-08T06:35:46+00:00","dateModified":"2026-02-17T03:11:57+00:00","breadcrumb":{"@id":"https:\/\/www.superico82.com\/index.php\/retrouve-superico82-en-live-stream\/#breadcrumb"},"inLanguage":"fr-FR","potentialAction":[{"@type":"ReadAction","target":["https:\/\/www.superico82.com\/index.php\/retrouve-superico82-en-live-stream\/"]}]},{"@type":"BreadcrumbList","@id":"https:\/\/www.superico82.com\/index.php\/retrouve-superico82-en-live-stream\/#breadcrumb","itemListElement":[{"@type":"ListItem","position":1,"name":"Accueil","item":"https:\/\/www.superico82.com\/"},{"@type":"ListItem","position":2,"name":"Retrouve Superico82 en LIVE STREAM plusieurs fois par semaine !"}]},{"@type":"WebSite","@id":"https:\/\/www.superico82.com\/#website","url":"https:\/\/www.superico82.com\/","name":"Superico82","description":"Le site officiel de Superico82, Gamer, Youtuber et streamer. D\u00e9couvre mes derniers contenus !","publisher":{"@id":"https:\/\/www.superico82.com\/#organization"},"potentialAction":[{"@type":"SearchAction","target":{"@type":"EntryPoint","urlTemplate":"https:\/\/www.superico82.com\/?s={search_term_string}"},"query-input":{"@type":"PropertyValueSpecification","valueRequired":true,"valueName":"search_term_string"}}],"inLanguage":"fr-FR"},{"@type":"Organization","@id":"https:\/\/www.superico82.com\/#organization","name":"Superico82","url":"https:\/\/www.superico82.com\/","logo":{"@type":"ImageObject","inLanguage":"fr-FR","@id":"https:\/\/www.superico82.com\/#\/schema\/logo\/image\/","url":"https:\/\/www.superico82.com\/wp-content\/uploads\/2025\/05\/cropped-cropped-IconeSuperico82.jpeg","contentUrl":"https:\/\/www.superico82.com\/wp-content\/uploads\/2025\/05\/cropped-cropped-IconeSuperico82.jpeg","width":200,"height":200,"caption":"Superico82"},"image":{"@id":"https:\/\/www.superico82.com\/#\/schema\/logo\/image\/"},"sameAs":["https:\/\/x.com\/Superico82","https:\/\/www.tiktok.com\/@superico82off","https:\/\/www.instagram.com\/superico82","https:\/\/www.youtube.com\/@Superico82"]}]}},"_links":{"self":[{"href":"https:\/\/www.superico82.com\/index.php\/wp-json\/wp\/v2\/pages\/39","targetHints":{"allow":["GET"]}}],"collection":[{"href":"https:\/\/www.superico82.com\/index.php\/wp-json\/wp\/v2\/pages"}],"about":[{"href":"https:\/\/www.superico82.com\/index.php\/wp-json\/wp\/v2\/types\/page"}],"author":[{"embeddable":true,"href":"https:\/\/www.superico82.com\/index.php\/wp-json\/wp\/v2\/users\/1"}],"replies":[{"embeddable":true,"href":"https:\/\/www.superico82.com\/index.php\/wp-json\/wp\/v2\/comments?post=39"}],"version-history":[{"count":12,"href":"https:\/\/www.superico82.com\/index.php\/wp-json\/wp\/v2\/pages\/39\/revisions"}],"predecessor-version":[{"id":182,"href":"https:\/\/www.superico82.com\/index.php\/wp-json\/wp\/v2\/pages\/39\/revisions\/182"}],"wp:attachment":[{"href":"https:\/\/www.superico82.com\/index.php\/wp-json\/wp\/v2\/media?parent=39"}],"curies":[{"name":"wp","href":"https:\/\/api.w.org\/{rel}","templated":true}]}}