{"id":210,"date":"2026-03-29T12:28:48","date_gmt":"2026-03-29T10:28:48","guid":{"rendered":"https:\/\/www.superico82.com\/?page_id=210"},"modified":"2026-03-30T02:33:42","modified_gmt":"2026-03-30T00:33:42","slug":"le-pack-fortnite-davril-a-gagner-tombola-gratuite","status":"publish","type":"page","link":"https:\/\/www.superico82.com\/","title":{"rendered":"LE PACK FORTNITE D&rsquo;AVRIL A GAGNER &#8211; TOMBOLA GRATUITE"},"content":{"rendered":"<h2>Je te fais gagner un Pack sur Fortnite (tirage au sort le 25 avril 2026).<\/h2>\n<p><!--more--><\/p>\n<h3><strong>Pour participer<\/strong> et gagner des <strong>tickets de tombola,<\/strong> tu as juste \u00e0 <strong>liker<\/strong> et <strong>laisser un commentaire<\/strong> sur la vid\u00e9o ci-dessous.<\/h3>\n<p>A chaque live je tire au sort <strong>2 personnes<\/strong> qui ont mis un <strong>commentaire<\/strong> sur cette\u00a0 <strong>vid\u00e9o <a href=\"https:\/\/youtu.be\/ZiTfeFMhfvs\">YOUTUBE<\/a><\/strong> et qui gagnent un ticket :<\/p>\n<div class=\"responsive-video\"><iframe loading=\"lazy\" title=\"YouTube video player\" src=\"https:\/\/www.youtube.com\/embed\/ZiTfeFMhfvs?si=6ISFmutCFGaNGG5u\" width=\"560\" height=\"315\" frameborder=\"0\" allowfullscreen=\"allowfullscreen\"><\/iframe><\/div>\n<p>Je donne aussi <strong>4 tickets<\/strong> suppl\u00e9mentaires r\u00e9partis entre les tops <strong>meilleurs spectateurs<\/strong>, <strong>meilleurs tappoteurs<\/strong> et <strong>Cool Points<\/strong> de chaque LIVE sur <a href=\"https:\/\/www.tiktok.com\/@superico82off\">TikTok<\/a>.<\/p>\n<p>Voici la liste des tickets (j&rsquo;essaie de la mettre \u00e0 jour r\u00e9guli\u00e8rement) :<br \/>\n1 &#8211; @madinu02<br \/>\n2 &#8211; @Kykill12YTB<br \/>\n3 &#8211; Cyvaan<br \/>\n4 &#8211; Keluu<br \/>\n5 &#8211; Th\u00e9o<br \/>\n6 &#8211; Cl\u00e9ment<br \/>\n7 &#8211; @ketsialefevre4002<br \/>\n8 &#8211; @00_Shxdow<br \/>\n9 &#8211; Bichon<br \/>\n10 &#8211; Boos<br \/>\n11 &#8211; Azorty<br \/>\n12 &#8211; Cyrvaan<\/p>\n","protected":false},"excerpt":{"rendered":"<p>Je te fais gagner un Pack sur Fortnite (tirage au sort le 25 avril 2026).<\/p>\n","protected":false},"author":1,"featured_media":0,"parent":0,"menu_order":0,"comment_status":"closed","ping_status":"closed","template":"","meta":{"footnotes":""},"class_list":["post-210","page","type-page","status-publish","hentry"],"yoast_head":"<!-- This site is optimized with the Yoast SEO plugin v27.0 - https:\/\/yoast.com\/product\/yoast-seo-wordpress\/ -->\n<title>LE PACK FORTNITE D&#039;AVRIL A GAGNER - TOMBOLA GRATUITE - Superico82<\/title>\n<meta name=\"robots\" content=\"index, follow, max-snippet:-1, max-image-preview:large, max-video-preview:-1\" \/>\n<link rel=\"canonical\" href=\"https:\/\/www.superico82.com\/\" \/>\n<meta property=\"og:locale\" content=\"fr_FR\" \/>\n<meta property=\"og:type\" content=\"article\" \/>\n<meta property=\"og:title\" content=\"LE PACK FORTNITE D&#039;AVRIL A GAGNER - TOMBOLA GRATUITE - Superico82\" \/>\n<meta property=\"og:description\" content=\"Je te fais gagner un Pack sur Fortnite (tirage au sort le 25 avril 2026).\" \/>\n<meta property=\"og:url\" content=\"https:\/\/www.superico82.com\/\" \/>\n<meta property=\"og:site_name\" content=\"Superico82\" \/>\n<meta property=\"article:modified_time\" content=\"2026-03-30T00:33:42+00:00\" \/>\n<meta name=\"twitter:card\" content=\"summary_large_image\" \/>\n<meta name=\"twitter:site\" content=\"@Superico82\" \/>\n<meta name=\"twitter:label1\" content=\"Dur\u00e9e de lecture estim\u00e9e\" \/>\n\t<meta name=\"twitter:data1\" content=\"1 minute\" \/>\n<script type=\"application\/ld+json\" class=\"yoast-schema-graph\">{\"@context\":\"https:\/\/schema.org\",\"@graph\":[{\"@type\":\"WebPage\",\"@id\":\"https:\/\/www.superico82.com\/\",\"url\":\"https:\/\/www.superico82.com\/\",\"name\":\"LE PACK FORTNITE D'AVRIL A GAGNER - TOMBOLA GRATUITE - Superico82\",\"isPartOf\":{\"@id\":\"https:\/\/www.superico82.com\/#website\"},\"datePublished\":\"2026-03-29T10:28:48+00:00\",\"dateModified\":\"2026-03-30T00:33:42+00:00\",\"breadcrumb\":{\"@id\":\"https:\/\/www.superico82.com\/#breadcrumb\"},\"inLanguage\":\"fr-FR\",\"potentialAction\":[{\"@type\":\"ReadAction\",\"target\":[\"https:\/\/www.superico82.com\/\"]}]},{\"@type\":\"BreadcrumbList\",\"@id\":\"https:\/\/www.superico82.com\/#breadcrumb\",\"itemListElement\":[{\"@type\":\"ListItem\",\"position\":1,\"name\":\"Accueil\",\"item\":\"https:\/\/www.superico82.com\/\"},{\"@type\":\"ListItem\",\"position\":2,\"name\":\"LE PACK FORTNITE D&rsquo;AVRIL A GAGNER &#8211; TOMBOLA GRATUITE\"}]},{\"@type\":\"WebSite\",\"@id\":\"https:\/\/www.superico82.com\/#website\",\"url\":\"https:\/\/www.superico82.com\/\",\"name\":\"Superico82\",\"description\":\"Le site officiel de Superico82, Gamer, Youtuber et streamer. D\u00e9couvre mes derniers contenus !\",\"publisher\":{\"@id\":\"https:\/\/www.superico82.com\/#organization\"},\"potentialAction\":[{\"@type\":\"SearchAction\",\"target\":{\"@type\":\"EntryPoint\",\"urlTemplate\":\"https:\/\/www.superico82.com\/?s={search_term_string}\"},\"query-input\":{\"@type\":\"PropertyValueSpecification\",\"valueRequired\":true,\"valueName\":\"search_term_string\"}}],\"inLanguage\":\"fr-FR\"},{\"@type\":\"Organization\",\"@id\":\"https:\/\/www.superico82.com\/#organization\",\"name\":\"Superico82\",\"url\":\"https:\/\/www.superico82.com\/\",\"logo\":{\"@type\":\"ImageObject\",\"inLanguage\":\"fr-FR\",\"@id\":\"https:\/\/www.superico82.com\/#\/schema\/logo\/image\/\",\"url\":\"https:\/\/www.superico82.com\/wp-content\/uploads\/2025\/05\/cropped-cropped-IconeSuperico82.jpeg\",\"contentUrl\":\"https:\/\/www.superico82.com\/wp-content\/uploads\/2025\/05\/cropped-cropped-IconeSuperico82.jpeg\",\"width\":200,\"height\":200,\"caption\":\"Superico82\"},\"image\":{\"@id\":\"https:\/\/www.superico82.com\/#\/schema\/logo\/image\/\"},\"sameAs\":[\"https:\/\/x.com\/Superico82\",\"https:\/\/www.tiktok.com\/@superico82off\",\"https:\/\/www.instagram.com\/superico82\",\"https:\/\/www.youtube.com\/@Superico82\"]}]}<\/script>\n<!-- \/ Yoast SEO plugin. -->","yoast_head_json":{"title":"LE PACK FORTNITE D'AVRIL A GAGNER - TOMBOLA GRATUITE - Superico82","robots":{"index":"index","follow":"follow","max-snippet":"max-snippet:-1","max-image-preview":"max-image-preview:large","max-video-preview":"max-video-preview:-1"},"canonical":"https:\/\/www.superico82.com\/","og_locale":"fr_FR","og_type":"article","og_title":"LE PACK FORTNITE D'AVRIL A GAGNER - TOMBOLA GRATUITE - Superico82","og_description":"Je te fais gagner un Pack sur Fortnite (tirage au sort le 25 avril 2026).","og_url":"https:\/\/www.superico82.com\/","og_site_name":"Superico82","article_modified_time":"2026-03-30T00:33:42+00:00","twitter_card":"summary_large_image","twitter_site":"@Superico82","twitter_misc":{"Dur\u00e9e de lecture estim\u00e9e":"1 minute"},"schema":{"@context":"https:\/\/schema.org","@graph":[{"@type":"WebPage","@id":"https:\/\/www.superico82.com\/","url":"https:\/\/www.superico82.com\/","name":"LE PACK FORTNITE D'AVRIL A GAGNER - TOMBOLA GRATUITE - Superico82","isPartOf":{"@id":"https:\/\/www.superico82.com\/#website"},"datePublished":"2026-03-29T10:28:48+00:00","dateModified":"2026-03-30T00:33:42+00:00","breadcrumb":{"@id":"https:\/\/www.superico82.com\/#breadcrumb"},"inLanguage":"fr-FR","potentialAction":[{"@type":"ReadAction","target":["https:\/\/www.superico82.com\/"]}]},{"@type":"BreadcrumbList","@id":"https:\/\/www.superico82.com\/#breadcrumb","itemListElement":[{"@type":"ListItem","position":1,"name":"Accueil","item":"https:\/\/www.superico82.com\/"},{"@type":"ListItem","position":2,"name":"LE PACK FORTNITE D&rsquo;AVRIL A GAGNER &#8211; TOMBOLA GRATUITE"}]},{"@type":"WebSite","@id":"https:\/\/www.superico82.com\/#website","url":"https:\/\/www.superico82.com\/","name":"Superico82","description":"Le site officiel de Superico82, Gamer, Youtuber et streamer. D\u00e9couvre mes derniers contenus !","publisher":{"@id":"https:\/\/www.superico82.com\/#organization"},"potentialAction":[{"@type":"SearchAction","target":{"@type":"EntryPoint","urlTemplate":"https:\/\/www.superico82.com\/?s={search_term_string}"},"query-input":{"@type":"PropertyValueSpecification","valueRequired":true,"valueName":"search_term_string"}}],"inLanguage":"fr-FR"},{"@type":"Organization","@id":"https:\/\/www.superico82.com\/#organization","name":"Superico82","url":"https:\/\/www.superico82.com\/","logo":{"@type":"ImageObject","inLanguage":"fr-FR","@id":"https:\/\/www.superico82.com\/#\/schema\/logo\/image\/","url":"https:\/\/www.superico82.com\/wp-content\/uploads\/2025\/05\/cropped-cropped-IconeSuperico82.jpeg","contentUrl":"https:\/\/www.superico82.com\/wp-content\/uploads\/2025\/05\/cropped-cropped-IconeSuperico82.jpeg","width":200,"height":200,"caption":"Superico82"},"image":{"@id":"https:\/\/www.superico82.com\/#\/schema\/logo\/image\/"},"sameAs":["https:\/\/x.com\/Superico82","https:\/\/www.tiktok.com\/@superico82off","https:\/\/www.instagram.com\/superico82","https:\/\/www.youtube.com\/@Superico82"]}]}},"_links":{"self":[{"href":"https:\/\/www.superico82.com\/index.php\/wp-json\/wp\/v2\/pages\/210","targetHints":{"allow":["GET"]}}],"collection":[{"href":"https:\/\/www.superico82.com\/index.php\/wp-json\/wp\/v2\/pages"}],"about":[{"href":"https:\/\/www.superico82.com\/index.php\/wp-json\/wp\/v2\/types\/page"}],"author":[{"embeddable":true,"href":"https:\/\/www.superico82.com\/index.php\/wp-json\/wp\/v2\/users\/1"}],"replies":[{"embeddable":true,"href":"https:\/\/www.superico82.com\/index.php\/wp-json\/wp\/v2\/comments?post=210"}],"version-history":[{"count":6,"href":"https:\/\/www.superico82.com\/index.php\/wp-json\/wp\/v2\/pages\/210\/revisions"}],"predecessor-version":[{"id":216,"href":"https:\/\/www.superico82.com\/index.php\/wp-json\/wp\/v2\/pages\/210\/revisions\/216"}],"wp:attachment":[{"href":"https:\/\/www.superico82.com\/index.php\/wp-json\/wp\/v2\/media?parent=210"}],"curies":[{"name":"wp","href":"https:\/\/api.w.org\/{rel}","templated":true}]}}