{"id":114,"date":"2025-12-21T03:28:21","date_gmt":"2025-12-21T02:28:21","guid":{"rendered":"https:\/\/www.superico82.com\/?page_id=114"},"modified":"2025-12-21T05:18:58","modified_gmt":"2025-12-21T04:18:58","slug":"maps-fortnite-mini-jeux","status":"publish","type":"page","link":"https:\/\/www.superico82.com\/index.php\/maps-fortnite-mini-jeux\/","title":{"rendered":"MAPS FORTNITE MINI JEUX"},"content":{"rendered":"<h3>Des maps Fortnite ? j&rsquo;en ai cr\u00e9\u00e9 3 pour l&rsquo;instant. D\u00e9couvre les !<\/h3>\n<h2>AMAZ BATTLE ROYALE<\/h2>\n<figure id=\"attachment_115\" aria-describedby=\"caption-attachment-115\" style=\"width: 300px\" class=\"wp-caption aligncenter\"><img loading=\"lazy\" decoding=\"async\" class=\"wp-image-115 size-medium\" src=\"https:\/\/www.superico82.com\/wp-content\/uploads\/2025\/12\/Gemini_Generated_Image_h2j6kjh2j6kjh2j6-300x169.jpg\" alt=\"vignette AMAZ BATTLE ROYALE fortnite map\" width=\"300\" height=\"169\" srcset=\"https:\/\/www.superico82.com\/wp-content\/uploads\/2025\/12\/Gemini_Generated_Image_h2j6kjh2j6kjh2j6-300x169.jpg 300w, https:\/\/www.superico82.com\/wp-content\/uploads\/2025\/12\/Gemini_Generated_Image_h2j6kjh2j6kjh2j6-1024x576.jpg 1024w, https:\/\/www.superico82.com\/wp-content\/uploads\/2025\/12\/Gemini_Generated_Image_h2j6kjh2j6kjh2j6-768x432.jpg 768w, https:\/\/www.superico82.com\/wp-content\/uploads\/2025\/12\/Gemini_Generated_Image_h2j6kjh2j6kjh2j6-1536x864.jpg 1536w, https:\/\/www.superico82.com\/wp-content\/uploads\/2025\/12\/Gemini_Generated_Image_h2j6kjh2j6kjh2j6.jpg 1920w\" sizes=\"auto, (max-width: 300px) 100vw, 300px\" \/><figcaption id=\"caption-attachment-115\" class=\"wp-caption-text\">CODE DE LA MAP 0664-6552-1185<\/figcaption><\/figure>\n<h3>Un Battle Royale \u00e0 taille humaine 16 joueurs max<\/h3>\n<p>C&rsquo;est la toute premi\u00e8re d&rsquo;une (j&rsquo;esp\u00e8re) longue s\u00e9rie. C&rsquo;est le mode <strong>BATTLE ROYALE<\/strong> adapt\u00e9 au solo pour une 20aine de joueurs max. La map est plus petite que le BR classique ce qui permet d&rsquo;avoir <strong>de l&rsquo;action rapidement<\/strong> quand on est peu de joueurs.<\/p>\n<h3>Mode de jeu Fortnite \u00e0 tester en LIVE pour les streamers<\/h3>\n<p><strong>Id\u00e9al pour les PP<\/strong> si tu es <strong>streamer \/ cr\u00e9ateur de contenu<\/strong>, n&rsquo;h\u00e9site pas \u00e0 la tester avec ta communaut\u00e9.<\/p>\n<h2>AMAZ AIM ONE TAP<\/h2>\n<figure id=\"attachment_116\" aria-describedby=\"caption-attachment-116\" style=\"width: 300px\" class=\"wp-caption aligncenter\"><img loading=\"lazy\" decoding=\"async\" class=\"wp-image-116 size-medium\" src=\"https:\/\/www.superico82.com\/wp-content\/uploads\/2025\/12\/Vignette-Amaz-champDeTir-300x169.png\" alt=\"vignette AMAZ AIM ONE TAP map fortnite de tir\" width=\"300\" height=\"169\" srcset=\"https:\/\/www.superico82.com\/wp-content\/uploads\/2025\/12\/Vignette-Amaz-champDeTir-300x169.png 300w, https:\/\/www.superico82.com\/wp-content\/uploads\/2025\/12\/Vignette-Amaz-champDeTir-1024x576.png 1024w, https:\/\/www.superico82.com\/wp-content\/uploads\/2025\/12\/Vignette-Amaz-champDeTir-768x432.png 768w, https:\/\/www.superico82.com\/wp-content\/uploads\/2025\/12\/Vignette-Amaz-champDeTir-1536x864.png 1536w, https:\/\/www.superico82.com\/wp-content\/uploads\/2025\/12\/Vignette-Amaz-champDeTir.png 1920w\" sizes=\"auto, (max-width: 300px) 100vw, 300px\" \/><figcaption id=\"caption-attachment-116\" class=\"wp-caption-text\">CODE DE LA MAP : 2191-7066-185<\/figcaption><\/figure>\n<h3>Stand de tir \u00e0 jouer \u00e0 plusieurs<\/h3>\n<p>C&rsquo;est un peu comme \u00e0 la f\u00eate foraine, tu tires sur des cibles soit en mouvement, soit fixes. Attention de ne pas tirer sur les nounours ! Ca t&rsquo;enl\u00e8ve des points.<br \/>\nId\u00e9al pour les joueurs comme moi qui ont un AIM assez pourri. Si tu as besoin d&rsquo;entrainement pour viser, cette map est faite pour toi.<\/p>\n<h2>AMAZ ZOMBIES DUNGEON<\/h2>\n<figure id=\"attachment_119\" aria-describedby=\"caption-attachment-119\" style=\"width: 300px\" class=\"wp-caption aligncenter\"><img loading=\"lazy\" decoding=\"async\" class=\"wp-image-119 size-medium\" src=\"https:\/\/www.superico82.com\/wp-content\/uploads\/2025\/12\/Miniature-AMAZ-ZOMBIES-DUNGEON-300x169.jpg\" alt=\"vignette AMAZ ZOMBIES DUNGEON map fortnite\" width=\"300\" height=\"169\" srcset=\"https:\/\/www.superico82.com\/wp-content\/uploads\/2025\/12\/Miniature-AMAZ-ZOMBIES-DUNGEON-300x169.jpg 300w, https:\/\/www.superico82.com\/wp-content\/uploads\/2025\/12\/Miniature-AMAZ-ZOMBIES-DUNGEON-1024x576.jpg 1024w, https:\/\/www.superico82.com\/wp-content\/uploads\/2025\/12\/Miniature-AMAZ-ZOMBIES-DUNGEON-768x432.jpg 768w, https:\/\/www.superico82.com\/wp-content\/uploads\/2025\/12\/Miniature-AMAZ-ZOMBIES-DUNGEON-1536x864.jpg 1536w, https:\/\/www.superico82.com\/wp-content\/uploads\/2025\/12\/Miniature-AMAZ-ZOMBIES-DUNGEON.jpg 1920w\" sizes=\"auto, (max-width: 300px) 100vw, 300px\" \/><figcaption id=\"caption-attachment-119\" class=\"wp-caption-text\">CODE MAP : 3118-6169-8947<\/figcaption><\/figure>\n<p>La toute derni\u00e8re map. Se joue en solo. Tu dois survivre \u00e0 une nu\u00e9e de zombies qui arrivent par vagues. Tu collectes de l&rsquo;or au fur et \u00e0 mesure qui te permet d&rsquo;acheter des armes et du stuff de soin\/shield.<br \/>\nElle est dans sa version Alpha. Viens la tester et me dire ce que tu en penses.<\/p>\n<p>Retrouve moi en live sur <a href=\"https:\/\/www.tiktok.com\/@superico82off\" target=\"_blank\" rel=\"noopener\">TikTok<\/a> et\/ou <a href=\"https:\/\/www.youtube.com\/@Superico82\" target=\"_blank\" rel=\"noopener\">Youtube<\/a> :<br \/>\n<a href=\"https:\/\/www.tiktok.com\/@superico82off\" target=\"_blank\" rel=\"noopener\">https:\/\/www.tiktok.com\/@superico82off<\/a><br \/>\n<a href=\"https:\/\/www.youtube.com\/@Superico82\" target=\"_blank\" rel=\"noopener\">https:\/\/www.youtube.com\/@Superico82<\/a><\/p>\n","protected":false},"excerpt":{"rendered":"<p>Des maps Fortnite ? j&rsquo;en ai cr\u00e9\u00e9 3 pour l&rsquo;instant. D\u00e9couvre les ! AMAZ BATTLE ROYALE Un Battle Royale \u00e0 taille humaine 16 joueurs max C&rsquo;est la toute premi\u00e8re d&rsquo;une (j&rsquo;esp\u00e8re) longue s\u00e9rie. C&rsquo;est le mode BATTLE ROYALE adapt\u00e9 au solo pour une 20aine de joueurs max. La map est plus petite que le BR [&hellip;]<\/p>\n","protected":false},"author":1,"featured_media":0,"parent":0,"menu_order":0,"comment_status":"closed","ping_status":"closed","template":"","meta":{"footnotes":""},"class_list":["post-114","page","type-page","status-publish","hentry"],"yoast_head":"<!-- This site is optimized with the Yoast SEO plugin v27.0 - https:\/\/yoast.com\/product\/yoast-seo-wordpress\/ -->\n<title>MAPS FORTNITE MINI JEUX - Superico82<\/title>\n<meta name=\"robots\" content=\"index, follow, max-snippet:-1, max-image-preview:large, max-video-preview:-1\" \/>\n<link rel=\"canonical\" href=\"https:\/\/www.superico82.com\/index.php\/maps-fortnite-mini-jeux\/\" \/>\n<meta property=\"og:locale\" content=\"fr_FR\" \/>\n<meta property=\"og:type\" content=\"article\" \/>\n<meta property=\"og:title\" content=\"MAPS FORTNITE MINI JEUX - Superico82\" \/>\n<meta property=\"og:description\" content=\"Des maps Fortnite ? j&rsquo;en ai cr\u00e9\u00e9 3 pour l&rsquo;instant. D\u00e9couvre les ! AMAZ BATTLE ROYALE Un Battle Royale \u00e0 taille humaine 16 joueurs max C&rsquo;est la toute premi\u00e8re d&rsquo;une (j&rsquo;esp\u00e8re) longue s\u00e9rie. C&rsquo;est le mode BATTLE ROYALE adapt\u00e9 au solo pour une 20aine de joueurs max. La map est plus petite que le BR [&hellip;]\" \/>\n<meta property=\"og:url\" content=\"https:\/\/www.superico82.com\/index.php\/maps-fortnite-mini-jeux\/\" \/>\n<meta property=\"og:site_name\" content=\"Superico82\" \/>\n<meta property=\"article:modified_time\" content=\"2025-12-21T04:18:58+00:00\" \/>\n<meta property=\"og:image\" content=\"https:\/\/www.superico82.com\/wp-content\/uploads\/2025\/12\/Gemini_Generated_Image_h2j6kjh2j6kjh2j6.jpg\" \/>\n\t<meta property=\"og:image:width\" content=\"1920\" \/>\n\t<meta property=\"og:image:height\" content=\"1080\" \/>\n\t<meta property=\"og:image:type\" content=\"image\/jpeg\" \/>\n<meta name=\"twitter:card\" content=\"summary_large_image\" \/>\n<meta name=\"twitter:site\" content=\"@Superico82\" \/>\n<meta name=\"twitter:label1\" content=\"Dur\u00e9e de lecture estim\u00e9e\" \/>\n\t<meta name=\"twitter:data1\" content=\"2 minutes\" \/>\n<script type=\"application\/ld+json\" class=\"yoast-schema-graph\">{\"@context\":\"https:\/\/schema.org\",\"@graph\":[{\"@type\":\"WebPage\",\"@id\":\"https:\/\/www.superico82.com\/index.php\/maps-fortnite-mini-jeux\/\",\"url\":\"https:\/\/www.superico82.com\/index.php\/maps-fortnite-mini-jeux\/\",\"name\":\"MAPS FORTNITE MINI JEUX - Superico82\",\"isPartOf\":{\"@id\":\"https:\/\/www.superico82.com\/#website\"},\"primaryImageOfPage\":{\"@id\":\"https:\/\/www.superico82.com\/index.php\/maps-fortnite-mini-jeux\/#primaryimage\"},\"image\":{\"@id\":\"https:\/\/www.superico82.com\/index.php\/maps-fortnite-mini-jeux\/#primaryimage\"},\"thumbnailUrl\":\"https:\/\/www.superico82.com\/wp-content\/uploads\/2025\/12\/Gemini_Generated_Image_h2j6kjh2j6kjh2j6-300x169.jpg\",\"datePublished\":\"2025-12-21T02:28:21+00:00\",\"dateModified\":\"2025-12-21T04:18:58+00:00\",\"breadcrumb\":{\"@id\":\"https:\/\/www.superico82.com\/index.php\/maps-fortnite-mini-jeux\/#breadcrumb\"},\"inLanguage\":\"fr-FR\",\"potentialAction\":[{\"@type\":\"ReadAction\",\"target\":[\"https:\/\/www.superico82.com\/index.php\/maps-fortnite-mini-jeux\/\"]}]},{\"@type\":\"ImageObject\",\"inLanguage\":\"fr-FR\",\"@id\":\"https:\/\/www.superico82.com\/index.php\/maps-fortnite-mini-jeux\/#primaryimage\",\"url\":\"https:\/\/www.superico82.com\/wp-content\/uploads\/2025\/12\/Gemini_Generated_Image_h2j6kjh2j6kjh2j6.jpg\",\"contentUrl\":\"https:\/\/www.superico82.com\/wp-content\/uploads\/2025\/12\/Gemini_Generated_Image_h2j6kjh2j6kjh2j6.jpg\",\"width\":1920,\"height\":1080,\"caption\":\"vignette AMAZ BATTLE ROYALE fortnite map\"},{\"@type\":\"BreadcrumbList\",\"@id\":\"https:\/\/www.superico82.com\/index.php\/maps-fortnite-mini-jeux\/#breadcrumb\",\"itemListElement\":[{\"@type\":\"ListItem\",\"position\":1,\"name\":\"Accueil\",\"item\":\"https:\/\/www.superico82.com\/\"},{\"@type\":\"ListItem\",\"position\":2,\"name\":\"MAPS FORTNITE MINI JEUX\"}]},{\"@type\":\"WebSite\",\"@id\":\"https:\/\/www.superico82.com\/#website\",\"url\":\"https:\/\/www.superico82.com\/\",\"name\":\"Superico82\",\"description\":\"Le site officiel de Superico82, Gamer, Youtuber et streamer. D\u00e9couvre mes derniers contenus !\",\"publisher\":{\"@id\":\"https:\/\/www.superico82.com\/#organization\"},\"potentialAction\":[{\"@type\":\"SearchAction\",\"target\":{\"@type\":\"EntryPoint\",\"urlTemplate\":\"https:\/\/www.superico82.com\/?s={search_term_string}\"},\"query-input\":{\"@type\":\"PropertyValueSpecification\",\"valueRequired\":true,\"valueName\":\"search_term_string\"}}],\"inLanguage\":\"fr-FR\"},{\"@type\":\"Organization\",\"@id\":\"https:\/\/www.superico82.com\/#organization\",\"name\":\"Superico82\",\"url\":\"https:\/\/www.superico82.com\/\",\"logo\":{\"@type\":\"ImageObject\",\"inLanguage\":\"fr-FR\",\"@id\":\"https:\/\/www.superico82.com\/#\/schema\/logo\/image\/\",\"url\":\"https:\/\/www.superico82.com\/wp-content\/uploads\/2025\/05\/cropped-cropped-IconeSuperico82.jpeg\",\"contentUrl\":\"https:\/\/www.superico82.com\/wp-content\/uploads\/2025\/05\/cropped-cropped-IconeSuperico82.jpeg\",\"width\":200,\"height\":200,\"caption\":\"Superico82\"},\"image\":{\"@id\":\"https:\/\/www.superico82.com\/#\/schema\/logo\/image\/\"},\"sameAs\":[\"https:\/\/x.com\/Superico82\",\"https:\/\/www.tiktok.com\/@superico82off\",\"https:\/\/www.instagram.com\/superico82\",\"https:\/\/www.youtube.com\/@Superico82\"]}]}<\/script>\n<!-- \/ Yoast SEO plugin. -->","yoast_head_json":{"title":"MAPS FORTNITE MINI JEUX - Superico82","robots":{"index":"index","follow":"follow","max-snippet":"max-snippet:-1","max-image-preview":"max-image-preview:large","max-video-preview":"max-video-preview:-1"},"canonical":"https:\/\/www.superico82.com\/index.php\/maps-fortnite-mini-jeux\/","og_locale":"fr_FR","og_type":"article","og_title":"MAPS FORTNITE MINI JEUX - Superico82","og_description":"Des maps Fortnite ? j&rsquo;en ai cr\u00e9\u00e9 3 pour l&rsquo;instant. D\u00e9couvre les ! AMAZ BATTLE ROYALE Un Battle Royale \u00e0 taille humaine 16 joueurs max C&rsquo;est la toute premi\u00e8re d&rsquo;une (j&rsquo;esp\u00e8re) longue s\u00e9rie. C&rsquo;est le mode BATTLE ROYALE adapt\u00e9 au solo pour une 20aine de joueurs max. La map est plus petite que le BR [&hellip;]","og_url":"https:\/\/www.superico82.com\/index.php\/maps-fortnite-mini-jeux\/","og_site_name":"Superico82","article_modified_time":"2025-12-21T04:18:58+00:00","og_image":[{"width":1920,"height":1080,"url":"https:\/\/www.superico82.com\/wp-content\/uploads\/2025\/12\/Gemini_Generated_Image_h2j6kjh2j6kjh2j6.jpg","type":"image\/jpeg"}],"twitter_card":"summary_large_image","twitter_site":"@Superico82","twitter_misc":{"Dur\u00e9e de lecture estim\u00e9e":"2 minutes"},"schema":{"@context":"https:\/\/schema.org","@graph":[{"@type":"WebPage","@id":"https:\/\/www.superico82.com\/index.php\/maps-fortnite-mini-jeux\/","url":"https:\/\/www.superico82.com\/index.php\/maps-fortnite-mini-jeux\/","name":"MAPS FORTNITE MINI JEUX - Superico82","isPartOf":{"@id":"https:\/\/www.superico82.com\/#website"},"primaryImageOfPage":{"@id":"https:\/\/www.superico82.com\/index.php\/maps-fortnite-mini-jeux\/#primaryimage"},"image":{"@id":"https:\/\/www.superico82.com\/index.php\/maps-fortnite-mini-jeux\/#primaryimage"},"thumbnailUrl":"https:\/\/www.superico82.com\/wp-content\/uploads\/2025\/12\/Gemini_Generated_Image_h2j6kjh2j6kjh2j6-300x169.jpg","datePublished":"2025-12-21T02:28:21+00:00","dateModified":"2025-12-21T04:18:58+00:00","breadcrumb":{"@id":"https:\/\/www.superico82.com\/index.php\/maps-fortnite-mini-jeux\/#breadcrumb"},"inLanguage":"fr-FR","potentialAction":[{"@type":"ReadAction","target":["https:\/\/www.superico82.com\/index.php\/maps-fortnite-mini-jeux\/"]}]},{"@type":"ImageObject","inLanguage":"fr-FR","@id":"https:\/\/www.superico82.com\/index.php\/maps-fortnite-mini-jeux\/#primaryimage","url":"https:\/\/www.superico82.com\/wp-content\/uploads\/2025\/12\/Gemini_Generated_Image_h2j6kjh2j6kjh2j6.jpg","contentUrl":"https:\/\/www.superico82.com\/wp-content\/uploads\/2025\/12\/Gemini_Generated_Image_h2j6kjh2j6kjh2j6.jpg","width":1920,"height":1080,"caption":"vignette AMAZ BATTLE ROYALE fortnite map"},{"@type":"BreadcrumbList","@id":"https:\/\/www.superico82.com\/index.php\/maps-fortnite-mini-jeux\/#breadcrumb","itemListElement":[{"@type":"ListItem","position":1,"name":"Accueil","item":"https:\/\/www.superico82.com\/"},{"@type":"ListItem","position":2,"name":"MAPS FORTNITE MINI JEUX"}]},{"@type":"WebSite","@id":"https:\/\/www.superico82.com\/#website","url":"https:\/\/www.superico82.com\/","name":"Superico82","description":"Le site officiel de Superico82, Gamer, Youtuber et streamer. D\u00e9couvre mes derniers contenus !","publisher":{"@id":"https:\/\/www.superico82.com\/#organization"},"potentialAction":[{"@type":"SearchAction","target":{"@type":"EntryPoint","urlTemplate":"https:\/\/www.superico82.com\/?s={search_term_string}"},"query-input":{"@type":"PropertyValueSpecification","valueRequired":true,"valueName":"search_term_string"}}],"inLanguage":"fr-FR"},{"@type":"Organization","@id":"https:\/\/www.superico82.com\/#organization","name":"Superico82","url":"https:\/\/www.superico82.com\/","logo":{"@type":"ImageObject","inLanguage":"fr-FR","@id":"https:\/\/www.superico82.com\/#\/schema\/logo\/image\/","url":"https:\/\/www.superico82.com\/wp-content\/uploads\/2025\/05\/cropped-cropped-IconeSuperico82.jpeg","contentUrl":"https:\/\/www.superico82.com\/wp-content\/uploads\/2025\/05\/cropped-cropped-IconeSuperico82.jpeg","width":200,"height":200,"caption":"Superico82"},"image":{"@id":"https:\/\/www.superico82.com\/#\/schema\/logo\/image\/"},"sameAs":["https:\/\/x.com\/Superico82","https:\/\/www.tiktok.com\/@superico82off","https:\/\/www.instagram.com\/superico82","https:\/\/www.youtube.com\/@Superico82"]}]}},"_links":{"self":[{"href":"https:\/\/www.superico82.com\/index.php\/wp-json\/wp\/v2\/pages\/114","targetHints":{"allow":["GET"]}}],"collection":[{"href":"https:\/\/www.superico82.com\/index.php\/wp-json\/wp\/v2\/pages"}],"about":[{"href":"https:\/\/www.superico82.com\/index.php\/wp-json\/wp\/v2\/types\/page"}],"author":[{"embeddable":true,"href":"https:\/\/www.superico82.com\/index.php\/wp-json\/wp\/v2\/users\/1"}],"replies":[{"embeddable":true,"href":"https:\/\/www.superico82.com\/index.php\/wp-json\/wp\/v2\/comments?post=114"}],"version-history":[{"count":7,"href":"https:\/\/www.superico82.com\/index.php\/wp-json\/wp\/v2\/pages\/114\/revisions"}],"predecessor-version":[{"id":125,"href":"https:\/\/www.superico82.com\/index.php\/wp-json\/wp\/v2\/pages\/114\/revisions\/125"}],"wp:attachment":[{"href":"https:\/\/www.superico82.com\/index.php\/wp-json\/wp\/v2\/media?parent=114"}],"curies":[{"name":"wp","href":"https:\/\/api.w.org\/{rel}","templated":true}]}}